{"id":104,"date":"2023-05-02T16:53:56","date_gmt":"2023-05-02T16:53:56","guid":{"rendered":"https:\/\/mytisa.com.mx\/?page_id=104"},"modified":"2023-05-05T01:42:47","modified_gmt":"2023-05-05T01:42:47","slug":"nosotros","status":"publish","type":"page","link":"https:\/\/mytisa.com.mx\/index.php\/nosotros\/","title":{"rendered":"Nosotros"},"content":{"rendered":"\t\t<div data-elementor-type=\"wp-page\" data-elementor-id=\"104\" class=\"elementor elementor-104\">\n\t\t\t\t\t\t<section class=\"elementor-section elementor-top-section elementor-element elementor-element-a611cdc elementor-section-boxed elementor-section-height-default elementor-section-height-default\" data-id=\"a611cdc\" data-element_type=\"section\" data-settings=\"{&quot;background_background&quot;:&quot;gradient&quot;}\">\n\t\t\t\t\t\t<div class=\"elementor-container elementor-column-gap-default\">\n\t\t\t\t\t<div class=\"elementor-column elementor-col-100 elementor-top-column elementor-element elementor-element-1b6ebe8\" data-id=\"1b6ebe8\" data-element_type=\"column\">\n\t\t\t<div class=\"elementor-widget-wrap elementor-element-populated\">\n\t\t\t\t\t\t<div class=\"elementor-element elementor-element-b5a10e6 elementor-widget elementor-widget-heading\" data-id=\"b5a10e6\" data-element_type=\"widget\" data-widget_type=\"heading.default\">\n\t\t\t\t<div class=\"elementor-widget-container\">\n\t\t\t<h2 class=\"elementor-heading-title elementor-size-default\">NOSOTROS<\/h2>\t\t<\/div>\n\t\t\t\t<\/div>\n\t\t\t\t\t<\/div>\n\t\t<\/div>\n\t\t\t\t\t<\/div>\n\t\t<\/section>\n\t\t\t\t<section class=\"elementor-section elementor-top-section elementor-element elementor-element-31ebf9d elementor-section-boxed elementor-section-height-default elementor-section-height-default\" data-id=\"31ebf9d\" data-element_type=\"section\">\n\t\t\t\t\t\t<div class=\"elementor-container elementor-column-gap-default\">\n\t\t\t\t\t<div class=\"elementor-column elementor-col-50 elementor-top-column elementor-element elementor-element-ef5c909\" data-id=\"ef5c909\" data-element_type=\"column\">\n\t\t\t<div class=\"elementor-widget-wrap elementor-element-populated\">\n\t\t\t\t\t\t<div class=\"elementor-element elementor-element-dc732a0 elementor-widget-tablet__width-initial elementor-widget elementor-widget-image\" data-id=\"dc732a0\" data-element_type=\"widget\" data-widget_type=\"image.default\">\n\t\t\t\t<div class=\"elementor-widget-container\">\n\t\t\t\t\t\t\t\t\t\t\t\t\t<img fetchpriority=\"high\" decoding=\"async\" width=\"800\" height=\"600\" src=\"https:\/\/mytisa.com.mx\/wp-content\/uploads\/2023\/05\/Intercambiador-de-placas-min.jpg\" class=\"attachment-large size-large wp-image-125\" alt=\"\" srcset=\"https:\/\/mytisa.com.mx\/wp-content\/uploads\/2023\/05\/Intercambiador-de-placas-min.jpg 1024w, https:\/\/mytisa.com.mx\/wp-content\/uploads\/2023\/05\/Intercambiador-de-placas-min-300x225.jpg 300w, https:\/\/mytisa.com.mx\/wp-content\/uploads\/2023\/05\/Intercambiador-de-placas-min-768x576.jpg 768w\" sizes=\"(max-width: 800px) 100vw, 800px\" \/>\t\t\t\t\t\t\t\t\t\t\t\t\t<\/div>\n\t\t\t\t<\/div>\n\t\t\t\t\t<\/div>\n\t\t<\/div>\n\t\t\t\t<div class=\"elementor-column elementor-col-50 elementor-top-column elementor-element elementor-element-7f67369\" data-id=\"7f67369\" data-element_type=\"column\">\n\t\t\t<div class=\"elementor-widget-wrap elementor-element-populated\">\n\t\t\t\t\t\t<div class=\"elementor-element elementor-element-92bfd06 elementor-widget-tablet__width-initial elementor-widget-mobile__width-initial elementor-widget elementor-widget-text-editor\" data-id=\"92bfd06\" data-element_type=\"widget\" data-widget_type=\"text-editor.default\">\n\t\t\t\t<div class=\"elementor-widget-container\">\n\t\t\t\t\t\t\t<p>Somos una empresa 100% Mexicana con mas de 40 a\u00f1os de experiencia en el mercado industrial y especializados en equipos de transferencia de calor, tratamiento de agua para procesos industriales, mantenimiento e instalaciones hidr\u00e1ulicas y neum\u00e1ticas.\u00a0<\/p><p>Nuestra experiencia y calidad nos distinguen de la competencia, de ah\u00ed que seamos l\u00edderes en diversos ramos de la industria como la automotriz, alimenticia, farmaceutica, aeroespacial, etc.<\/p>\t\t\t\t\t\t<\/div>\n\t\t\t\t<\/div>\n\t\t\t\t\t<\/div>\n\t\t<\/div>\n\t\t\t\t\t<\/div>\n\t\t<\/section>\n\t\t\t\t<section class=\"elementor-section elementor-top-section elementor-element elementor-element-57ad0aa elementor-section-boxed elementor-section-height-default elementor-section-height-default\" data-id=\"57ad0aa\" data-element_type=\"section\">\n\t\t\t\t\t\t<div class=\"elementor-container elementor-column-gap-default\">\n\t\t\t\t\t<div class=\"elementor-column elementor-col-50 elementor-top-column elementor-element elementor-element-e4275dc\" data-id=\"e4275dc\" data-element_type=\"column\">\n\t\t\t<div class=\"elementor-widget-wrap elementor-element-populated\">\n\t\t\t\t\t\t<div class=\"elementor-element elementor-element-78fed0a elementor-widget-tablet__width-initial elementor-widget-mobile__width-initial elementor-widget elementor-widget-text-editor\" data-id=\"78fed0a\" data-element_type=\"widget\" data-widget_type=\"text-editor.default\">\n\t\t\t\t<div class=\"elementor-widget-container\">\n\t\t\t\t\t\t\t<p>Ofreciendo a nuestros clientes una soluci\u00f3n integral para su industria, desde el desarrollo del proyecto, la ingenier\u00eda, el suministro e instalaci\u00f3n de equipos y la puesta en marcha del proyecto completo. Gracias a la posici\u00f3n estrat\u00e9gica de nuestras oficinas centrales en el Estado de Quer\u00e9taro, podemos dar servicio y atenci\u00f3n a nivel nacional.<\/p>\t\t\t\t\t\t<\/div>\n\t\t\t\t<\/div>\n\t\t\t\t\t<\/div>\n\t\t<\/div>\n\t\t\t\t<div class=\"elementor-column elementor-col-50 elementor-top-column elementor-element elementor-element-cf4f0cf\" data-id=\"cf4f0cf\" data-element_type=\"column\">\n\t\t\t<div class=\"elementor-widget-wrap elementor-element-populated\">\n\t\t\t\t\t\t<div class=\"elementor-element elementor-element-cc8c6aa elementor-widget-tablet__width-initial elementor-widget elementor-widget-image\" data-id=\"cc8c6aa\" data-element_type=\"widget\" data-widget_type=\"image.default\">\n\t\t\t\t<div class=\"elementor-widget-container\">\n\t\t\t\t\t\t\t\t\t\t\t\t\t<img decoding=\"async\" width=\"800\" height=\"600\" src=\"https:\/\/mytisa.com.mx\/wp-content\/uploads\/2023\/05\/Coraza-y-tubos-2-min-1024x768.jpg\" class=\"attachment-large size-large wp-image-116\" alt=\"\" srcset=\"https:\/\/mytisa.com.mx\/wp-content\/uploads\/2023\/05\/Coraza-y-tubos-2-min-1024x768.jpg 1024w, https:\/\/mytisa.com.mx\/wp-content\/uploads\/2023\/05\/Coraza-y-tubos-2-min-300x225.jpg 300w, https:\/\/mytisa.com.mx\/wp-content\/uploads\/2023\/05\/Coraza-y-tubos-2-min-768x576.jpg 768w, https:\/\/mytisa.com.mx\/wp-content\/uploads\/2023\/05\/Coraza-y-tubos-2-min-1536x1152.jpg 1536w, https:\/\/mytisa.com.mx\/wp-content\/uploads\/2023\/05\/Coraza-y-tubos-2-min.jpg 1632w\" sizes=\"(max-width: 800px) 100vw, 800px\" \/>\t\t\t\t\t\t\t\t\t\t\t\t\t<\/div>\n\t\t\t\t<\/div>\n\t\t\t\t\t<\/div>\n\t\t<\/div>\n\t\t\t\t\t<\/div>\n\t\t<\/section>\n\t\t\t\t<section class=\"elementor-section elementor-top-section elementor-element elementor-element-2691ba1 elementor-section-boxed elementor-section-height-default elementor-section-height-default\" data-id=\"2691ba1\" data-element_type=\"section\" data-settings=\"{&quot;background_background&quot;:&quot;classic&quot;}\">\n\t\t\t\t\t\t<div class=\"elementor-container elementor-column-gap-default\">\n\t\t\t\t\t<div class=\"elementor-column elementor-col-100 elementor-top-column elementor-element elementor-element-040a2b3\" data-id=\"040a2b3\" data-element_type=\"column\">\n\t\t\t<div class=\"elementor-widget-wrap elementor-element-populated\">\n\t\t\t\t\t\t<div class=\"elementor-element elementor-element-e27358f elementor-widget elementor-widget-heading\" data-id=\"e27358f\" data-element_type=\"widget\" data-widget_type=\"heading.default\">\n\t\t\t\t<div class=\"elementor-widget-container\">\n\t\t\t<h2 class=\"elementor-heading-title elementor-size-default\">Contamos con personal altamente capacitado \ny disponible para atender a nuestros actuales \ny futuros clientes. <\/h2>\t\t<\/div>\n\t\t\t\t<\/div>\n\t\t\t\t\t<\/div>\n\t\t<\/div>\n\t\t\t\t\t<\/div>\n\t\t<\/section>\n\t\t\t\t<section class=\"elementor-section elementor-top-section elementor-element elementor-element-4f7883e elementor-section-boxed elementor-section-height-default elementor-section-height-default\" data-id=\"4f7883e\" data-element_type=\"section\">\n\t\t\t\t\t\t<div class=\"elementor-container elementor-column-gap-default\">\n\t\t\t\t\t<div class=\"elementor-column elementor-col-50 elementor-top-column elementor-element elementor-element-f696232\" data-id=\"f696232\" data-element_type=\"column\">\n\t\t\t<div class=\"elementor-widget-wrap elementor-element-populated\">\n\t\t\t\t\t\t<div class=\"elementor-element elementor-element-da23d6c elementor-widget-tablet__width-initial elementor-widget elementor-widget-image\" data-id=\"da23d6c\" data-element_type=\"widget\" data-widget_type=\"image.default\">\n\t\t\t\t<div class=\"elementor-widget-container\">\n\t\t\t\t\t\t\t\t\t\t\t\t\t<img decoding=\"async\" width=\"800\" height=\"600\" src=\"https:\/\/mytisa.com.mx\/wp-content\/uploads\/2023\/05\/DSC01671-min.jpg\" class=\"attachment-large size-large wp-image-119\" alt=\"\" srcset=\"https:\/\/mytisa.com.mx\/wp-content\/uploads\/2023\/05\/DSC01671-min.jpg 1024w, https:\/\/mytisa.com.mx\/wp-content\/uploads\/2023\/05\/DSC01671-min-300x225.jpg 300w, https:\/\/mytisa.com.mx\/wp-content\/uploads\/2023\/05\/DSC01671-min-768x576.jpg 768w\" sizes=\"(max-width: 800px) 100vw, 800px\" \/>\t\t\t\t\t\t\t\t\t\t\t\t\t<\/div>\n\t\t\t\t<\/div>\n\t\t\t\t\t<\/div>\n\t\t<\/div>\n\t\t\t\t<div class=\"elementor-column elementor-col-50 elementor-top-column elementor-element elementor-element-90cde77\" data-id=\"90cde77\" data-element_type=\"column\">\n\t\t\t<div class=\"elementor-widget-wrap elementor-element-populated\">\n\t\t\t\t\t\t<div class=\"elementor-element elementor-element-dfeffd2 elementor-widget-tablet__width-initial elementor-widget-mobile__width-initial elementor-widget elementor-widget-text-editor\" data-id=\"dfeffd2\" data-element_type=\"widget\" data-widget_type=\"text-editor.default\">\n\t\t\t\t<div class=\"elementor-widget-container\">\n\t\t\t\t\t\t\t<p>Ofrecemos la m\u00e1s alta calidad en productos Nacionales y de Importaci\u00f3n para el mantenimiento de sus instalaciones, maquinaria y equipo.\u00a0<\/p><p>El equipo de nuestro suministro cuenta con garant\u00eda en mano de obra y materiales por un per\u00edodo de doce meses a partir de la fecha de facturaci\u00f3n y en condiciones normales de operaci\u00f3n.\u00a0<\/p><p>Si su proceso presenta problemas de transferencia de calor, contaminaci\u00f3n en el aire comprimido o en el agua de enfriamiento, perm\u00edtanos asesorarlos a trav\u00e9s de nuestra fuerza t\u00e9cnica altamente calificada.<\/p>\t\t\t\t\t\t<\/div>\n\t\t\t\t<\/div>\n\t\t\t\t\t<\/div>\n\t\t<\/div>\n\t\t\t\t\t<\/div>\n\t\t<\/section>\n\t\t\t\t<\/div>\n\t\t","protected":false},"excerpt":{"rendered":"<p>NOSOTROS Somos una empresa 100% Mexicana con mas de 40 a\u00f1os de experiencia en el mercado industrial y especializados en equipos de transferencia de calor, tratamiento de agua para procesos industriales, mantenimiento e instalaciones hidr\u00e1ulicas y neum\u00e1ticas.\u00a0 Nuestra experiencia y calidad nos distinguen de la competencia, de ah\u00ed que seamos l\u00edderes en diversos ramos de [&hellip;]<\/p>\n","protected":false},"author":1,"featured_media":0,"parent":0,"menu_order":0,"comment_status":"closed","ping_status":"closed","template":"","meta":{"footnotes":""},"class_list":["post-104","page","type-page","status-publish","hentry"],"_links":{"self":[{"href":"https:\/\/mytisa.com.mx\/index.php\/wp-json\/wp\/v2\/pages\/104","targetHints":{"allow":["GET"]}}],"collection":[{"href":"https:\/\/mytisa.com.mx\/index.php\/wp-json\/wp\/v2\/pages"}],"about":[{"href":"https:\/\/mytisa.com.mx\/index.php\/wp-json\/wp\/v2\/types\/page"}],"author":[{"embeddable":true,"href":"https:\/\/mytisa.com.mx\/index.php\/wp-json\/wp\/v2\/users\/1"}],"replies":[{"embeddable":true,"href":"https:\/\/mytisa.com.mx\/index.php\/wp-json\/wp\/v2\/comments?post=104"}],"version-history":[{"count":22,"href":"https:\/\/mytisa.com.mx\/index.php\/wp-json\/wp\/v2\/pages\/104\/revisions"}],"predecessor-version":[{"id":254,"href":"https:\/\/mytisa.com.mx\/index.php\/wp-json\/wp\/v2\/pages\/104\/revisions\/254"}],"wp:attachment":[{"href":"https:\/\/mytisa.com.mx\/index.php\/wp-json\/wp\/v2\/media?parent=104"}],"curies":[{"name":"wp","href":"https:\/\/api.w.org\/{rel}","templated":true}]}}